{"id":57,"date":"2011-01-31T19:36:40","date_gmt":"2011-01-31T18:36:40","guid":{"rendered":"https:\/\/www.pgd-cusperk.si\/?page_id=57"},"modified":"2013-10-07T17:21:03","modified_gmt":"2013-10-07T16:21:03","slug":"galerija-slik","status":"publish","type":"page","link":"https:\/\/www.pgd-cusperk.si\/?page_id=57","title":{"rendered":"Galerija slik"},"content":{"rendered":"<p><strong>Stare slike &#8211; PGD \u010cu\u0161perk skozi zgodovino<\/strong><br \/>\nngg_shortcode_0_placeholder<\/p>\n<p><strong>Sv. Florjan, 01.05.2011<\/strong><br \/>\nngg_shortcode_1_placeholder<\/p>\n<p><strong>Dopustovanje mladih gasilcev na Kolpi, poletje 2010<\/strong><br \/>\nngg_shortcode_2_placeholder<\/p>\n<p><strong>Na\u0161a gasilska vozila<\/strong>ngg_shortcode_3_placeholder<\/p>\n","protected":false},"excerpt":{"rendered":"<p>Stare slike &#8211; PGD \u010cu\u0161perk skozi zgodovino Sv. Florjan, 01.05.2011 Dopustovanje mladih gasilcev na Kolpi, poletje 2010 Na\u0161a gasilska vozila<\/p>\n","protected":false},"author":2,"featured_media":0,"parent":0,"menu_order":0,"comment_status":"closed","ping_status":"closed","template":"","meta":{"ngg_post_thumbnail":0,"footnotes":""},"class_list":["post-57","page","type-page","status-publish","hentry"],"_links":{"self":[{"href":"https:\/\/www.pgd-cusperk.si\/index.php?rest_route=\/wp\/v2\/pages\/57","targetHints":{"allow":["GET"]}}],"collection":[{"href":"https:\/\/www.pgd-cusperk.si\/index.php?rest_route=\/wp\/v2\/pages"}],"about":[{"href":"https:\/\/www.pgd-cusperk.si\/index.php?rest_route=\/wp\/v2\/types\/page"}],"author":[{"embeddable":true,"href":"https:\/\/www.pgd-cusperk.si\/index.php?rest_route=\/wp\/v2\/users\/2"}],"replies":[{"embeddable":true,"href":"https:\/\/www.pgd-cusperk.si\/index.php?rest_route=%2Fwp%2Fv2%2Fcomments&post=57"}],"version-history":[{"count":32,"href":"https:\/\/www.pgd-cusperk.si\/index.php?rest_route=\/wp\/v2\/pages\/57\/revisions"}],"predecessor-version":[{"id":917,"href":"https:\/\/www.pgd-cusperk.si\/index.php?rest_route=\/wp\/v2\/pages\/57\/revisions\/917"}],"wp:attachment":[{"href":"https:\/\/www.pgd-cusperk.si\/index.php?rest_route=%2Fwp%2Fv2%2Fmedia&parent=57"}],"curies":[{"name":"wp","href":"https:\/\/api.w.org\/{rel}","templated":true}]}}