{"id":47,"date":"2011-01-31T19:36:17","date_gmt":"2011-01-31T18:36:17","guid":{"rendered":"https:\/\/www.pgd-cusperk.si\/?page_id=47"},"modified":"2014-02-07T12:25:06","modified_gmt":"2014-02-07T11:25:06","slug":"nasa-vozila","status":"publish","type":"page","link":"https:\/\/www.pgd-cusperk.si\/?page_id=47","title":{"rendered":"Na\u0161a vozila"},"content":{"rendered":"<p><strong>Poveljni\u0161ko vozilo PV-1<\/strong><\/p>\n<p><em><strong>Podatki o vozilu:<\/strong><\/em><\/p>\n<li>Znamka in tip: Lada Niva 4&#215;4<\/li>\n<li>Letnik: 1991<\/li>\n<li>Tip motorja: 1.6l, bencin<\/li>\n<li>Mo\u010d motorja: 76KM<\/li>\n<li>\u0160tevilo sede\u017eev: 5<\/li>\n<ul>\n<\/ul>\n<p><em><strong>Uporaba:<\/strong><\/em><\/p>\n<li>na kraju intervencije slu\u017ei kot poveljni\u0161ko vozilo<\/li>\n<li>razli\u010dni prevozi \u010dlanov (sestanki, ob\u010dni zbori, tekmovanja, itd.) <\/li>\n<p><a href=\"https:\/\/www.pgd-cusperk.si\/wp-content\/uploads\/2011\/01\/74528_129161563809126_100001458491254_185523_2285179_n.jpg\"><img loading=\"lazy\" decoding=\"async\" src=\"https:\/\/www.pgd-cusperk.si\/wp-content\/uploads\/2011\/01\/74528_129161563809126_100001458491254_185523_2285179_n.jpg\" alt=\"\" title=\"74528_129161563809126_100001458491254_185523_2285179_n\" width=\"720\" height=\"481\" class=\"alignleft size-full wp-image-118\" srcset=\"https:\/\/www.pgd-cusperk.si\/wp-content\/uploads\/2011\/01\/74528_129161563809126_100001458491254_185523_2285179_n.jpg 720w, https:\/\/www.pgd-cusperk.si\/wp-content\/uploads\/2011\/01\/74528_129161563809126_100001458491254_185523_2285179_n-300x200.jpg 300w\" sizes=\"auto, (max-width: 720px) 100vw, 720px\" \/><\/a><\/p>\n<p>ngg_shortcode_0_placeholder<br \/>\n_ _ _ _ _ _ _ _ _ _ _ _ _ _ _ _ _ _ _ _ _ _ _ _ _ _ _ _ _ _ _ _ _ _ _ _ _ _ _ _ _ _ _ _ _ _ _ _ _ _ _ _ _ _ _ _<\/p>\n<p><strong>Gasilsko vozilo z vodo &#8211; GVV1<\/strong><\/p>\n<ol>\n<\/ol>\n<p><em><strong>Podatki o vozilu:<\/strong><\/em><\/p>\n<li>Znamka in tip: Iveco Daily 50C18<\/li>\n<li>Letnik: 2007<\/li>\n<li>Tip motorja: 3.0l, diesel<\/li>\n<li>Mo\u010d motorja: 180KM<\/li>\n<li>\u0160tevilo sede\u017eev: 7<\/li>\n<li>Tip nadgradnje: Svit &#8211; Zolar<\/li>\n<ul>\n<\/ul>\n<p><em><strong>Oprema vozila<\/em><\/strong><\/p>\n<li>Visokotla\u010dna \u010drpalka<\/li>\n<li>Rezervovar za vodo 400l<\/li>\n<li>Motorna gasilska \u010drpalka z \u0161tirimi sesalnimi cevmi<\/li>\n<li>Trije osebni dihalni aparati<\/li>\n<li>20 tla\u010dnih cevi dimenzij B,C<\/li>\n<li>8 ro\u010dnikov (navadni, univerzalni&#8230;)<\/li>\n<li>Generator 3kW<\/li>\n<li>Svetlobna in zvo\u010dna oprema za pomo\u010d na terenu, intervenciji<\/li>\n<li>Sredstva za ozna\u010devanje intervencijskega mesta (trakovi, sto\u017eci)<\/li>\n<li>Odsevni jopi\u010di<\/li>\n<li>Triopan<\/li>\n<li>Kov\u010dek z orodjem<\/li>\n<li>Motorna \u017eaga<\/li>\n<p><a href=\"https:\/\/www.pgd-cusperk.si\/wp-content\/uploads\/2011\/01\/Untitled-2.jpg\"><img loading=\"lazy\" decoding=\"async\" src=\"https:\/\/www.pgd-cusperk.si\/wp-content\/uploads\/2011\/01\/Untitled-2.jpg\" alt=\"\" title=\"Untitled-2\" width=\"720\" height=\"481\" class=\"alignleft size-full wp-image-128\" srcset=\"https:\/\/www.pgd-cusperk.si\/wp-content\/uploads\/2011\/01\/Untitled-2.jpg 720w, https:\/\/www.pgd-cusperk.si\/wp-content\/uploads\/2011\/01\/Untitled-2-300x200.jpg 300w\" sizes=\"auto, (max-width: 720px) 100vw, 720px\" \/><\/a><\/p>\n<p>ngg_shortcode_1_placeholder<br \/>\n_ _ _ _ _ _ _ _ _ _ _ _ _ _ _ _ _ _ _ _ _ _ _ _ _ _ _ _ _ _ _ _ _ _ _ _ _ _ _ _ _ _ _ _ _ _ _ _ _ _ _ _ _ _ _ _<\/p>\n<p><strong>Gasilsko vozilo za prevoz mo\u0161tva &#8211; GVM-1<\/strong><\/p>\n<ol>\n<\/ol>\n<p><em><strong>Podatki o vozilu:<\/strong><\/em><\/p>\n<li>Znamka in tip: Peugeot Boxer<\/li>\n<li>Letnik: 2012<\/li>\n<li>Tip motorja: 3.0l, diesel<\/li>\n<li>Mo\u010d motorja: 180KM<\/li>\n<li>\u0160tevilo sede\u017eev: 9<\/li>\n<li>Tip nadgradnje: Avtocenter \u017dunkovi\u010d<\/li>\n<ul>\n<\/ul>\n<p><em><strong>Oprema vozila<\/em><\/strong><\/p>\n<li>Gasilni aparati<\/li>\n<li>Priro\u010dno orodje (lopata, sekira&#8230;)<\/li>\n<li>Komplet prve pomo\u010di<\/li>\n<li>Defibrilator<\/li>\n<li>Po\u017earna odeja<\/li>\n<li>Kov\u010dek z orodjem<\/li>\n<li>Prometni sto\u017eci<\/li>\n<li>Preometna signalizacija<\/li>\n<li>Jeklenica<\/li>\n<li>Odsevni jopi\u010di<\/li>\n<li>Triopan<\/li>\n<p><a href=\"https:\/\/www.pgd-cusperk.si\/?attachment_id=992\" rel=\"attachment wp-att-992\"><img loading=\"lazy\" decoding=\"async\" src=\"https:\/\/www.pgd-cusperk.si\/wp-content\/uploads\/2011\/01\/196314_471499946241951_620829646_n1.jpg\" alt=\"196314_471499946241951_620829646_n~1\" width=\"840\" height=\"561\" class=\"aligncenter size-full wp-image-992\" srcset=\"https:\/\/www.pgd-cusperk.si\/wp-content\/uploads\/2011\/01\/196314_471499946241951_620829646_n1.jpg 840w, https:\/\/www.pgd-cusperk.si\/wp-content\/uploads\/2011\/01\/196314_471499946241951_620829646_n1-150x100.jpg 150w, https:\/\/www.pgd-cusperk.si\/wp-content\/uploads\/2011\/01\/196314_471499946241951_620829646_n1-300x200.jpg 300w\" sizes=\"auto, (max-width: 840px) 100vw, 840px\" \/><\/a><\/p>\nngg_shortcode_2_placeholder\n","protected":false},"excerpt":{"rendered":"<p>Poveljni\u0161ko vozilo PV-1 Podatki o vozilu: Znamka in tip: Lada Niva 4&#215;4 Letnik: 1991 Tip motorja: 1.6l, bencin Mo\u010d motorja: 76KM \u0160tevilo sede\u017eev: 5 Uporaba: na kraju intervencije slu\u017ei kot poveljni\u0161ko vozilo razli\u010dni prevozi \u010dlanov (sestanki, ob\u010dni zbori, tekmovanja, itd.) _ _ _ _ _ _ _ _ _ _ _ _ _ _ _ [&hellip;]<\/p>\n","protected":false},"author":2,"featured_media":0,"parent":0,"menu_order":0,"comment_status":"closed","ping_status":"closed","template":"","meta":{"ngg_post_thumbnail":0,"footnotes":""},"class_list":["post-47","page","type-page","status-publish","hentry"],"_links":{"self":[{"href":"https:\/\/www.pgd-cusperk.si\/index.php?rest_route=\/wp\/v2\/pages\/47","targetHints":{"allow":["GET"]}}],"collection":[{"href":"https:\/\/www.pgd-cusperk.si\/index.php?rest_route=\/wp\/v2\/pages"}],"about":[{"href":"https:\/\/www.pgd-cusperk.si\/index.php?rest_route=\/wp\/v2\/types\/page"}],"author":[{"embeddable":true,"href":"https:\/\/www.pgd-cusperk.si\/index.php?rest_route=\/wp\/v2\/users\/2"}],"replies":[{"embeddable":true,"href":"https:\/\/www.pgd-cusperk.si\/index.php?rest_route=%2Fwp%2Fv2%2Fcomments&post=47"}],"version-history":[{"count":33,"href":"https:\/\/www.pgd-cusperk.si\/index.php?rest_route=\/wp\/v2\/pages\/47\/revisions"}],"predecessor-version":[{"id":993,"href":"https:\/\/www.pgd-cusperk.si\/index.php?rest_route=\/wp\/v2\/pages\/47\/revisions\/993"}],"wp:attachment":[{"href":"https:\/\/www.pgd-cusperk.si\/index.php?rest_route=%2Fwp%2Fv2%2Fmedia&parent=47"}],"curies":[{"name":"wp","href":"https:\/\/api.w.org\/{rel}","templated":true}]}}