{"id":42,"date":"2011-01-31T19:36:09","date_gmt":"2011-01-31T18:36:09","guid":{"rendered":"https:\/\/www.pgd-cusperk.si\/?page_id=42"},"modified":"2019-03-15T21:59:29","modified_gmt":"2019-03-15T20:59:29","slug":"gasilski-dom","status":"publish","type":"page","link":"https:\/\/www.pgd-cusperk.si\/?page_id=42","title":{"rendered":"Na\u0161e poslanstvo"},"content":{"rendered":"<p><strong>Gozdni po\u017ear, 9.3.2019<\/strong><\/p>\n<p>Sobotno kosilo so nam prekinili pozivniki, ki so sporo\u010dali, da v naselju Predole gori gozd na obronku vasi. Izvozili smo z vozilom GVV-1 in 7 operativnimi \u010dlani. Na kraju intervencije smo opazili, da gori odvr\u017eena bala sena, ogenj pa se je pri\u010del \u0161iriti tudi na gozdno podrast in drevje. Skupaj s Pgd Ra\u010dna smo obmo\u010dje namo\u010dili z vodo in pogasili po\u017ear. Na pomo\u010d nam je prisko\u010dil tudi okoli\u0161ki kmet s traktorjem in cisterno vode.<br \/>\n_ _ _ _ _ _ _ _ _ _ _ _ _ _ _ _ _ _ _ _ _ _ _ _ _ _ _ _ _ _ _ _ _ _ _ _ _ _ _ _ _ _ _ _ _ _ _ _ _ _ _ _ _ _ _ _<\/p>\n<p><strong>Delovna nesre\u010da, 12.1.2019<\/strong><\/p>\n<p>Ob 10.32 smo dobili poziv, da si je v gozdu malo nad vasjo \u010cu\u0161perk delavec pri spravilu lesa izpahnil koleno. Izvozili smo z voziloma GVV-1 in GVM-1 ter 8 operativnimi gasilci. Na kraju nesre\u010de smo skupaj s Pgd PGD Ra\u010dna in PGD GROSUPLJE po\u0161kodovanca imobilizirali in ga na nosilih prenesli okoli 100 m do re\u0161evalnega vozila.<\/p>\n<p>_ _ _ _ _ _ _ _ _ _ _ _ _ _ _ _ _ _ _ _ _ _ _ _ _ _ _ _ _ _ _ _ _ _ _ _ _ _ _ _ _ _ _ _ _ _ _ _ _ _ _ _ _ _ _ _<\/p>\n<p><strong>Dimni\u0161ki po\u017ear, 26.12.2018<\/strong><\/p>\n<p>Na prazni\u010dni dan smo ob 15.10 prejeli poziv za dimni\u0161ki po\u017ear v vasi Predole. Izvozili smo z vozilom GVV-1 in 7 operativnimi gasilci. Na kraju smo skupaj s PGD Ra\u010dna in PGD Grosuplje o\u010distili in ohladili dimni\u0161ko tuljavo.<\/p>\n<p>_ _ _ _ _ _ _ _ _ _ _ _ _ _ _ _ _ _ _ _ _ _ _ _ _ _ _ _ _ _ _ _ _ _ _ _ _ _ _ _ _ _ _ _ _ _ _ _ _ _ _ _ _ _ _ _<\/p>\n<p><strong>Tehni\u010dna in druga pomo\u010d, 14.9.2018<\/strong><\/p>\n<p>V ve\u010dernih urah smo s centra za obve\u0161\u010danje prejeli poziv za odstranitev ve\u010dje smreke, ki je ob padcu v neurju popolnoma zaprla cesto Ra\u010dna &#8211; Zdenska vas. Izvozili smo z vozilom GVV-1 in 7 operativnimi gasilci. Na kraju dogodka smo protinaletno zavarovali delavno obmo\u010dje, raz\u017eagali smreko in sprostili promet.<\/p>\n<p>_ _ _ _ _ _ _ _ _ _ _ _ _ _ _ _ _ _ _ _ _ _ _ _ _ _ _ _ _ _ _ _ _ _ _ _ _ _ _ _ _ _ _ _ _ _ _ _ _ _ _ _ _ _ _ _<\/p>\n<p><strong>To\u010da \u010crnomelj, junij 2018<\/strong><\/p>\n<p>13.6.2018 se je na\u0161e dru\u0161tvo udele\u017eilo pri pomo\u010di prebivalcem \u010crnomlja ob naravni nesre\u010di to\u010di.Iz na\u0161ega dru\u0161tva se je udele\u017eilo 6 \u010dlanov in 3 \u010dlani iz PGD Gatina z vozilom GVM in prikolico.Vodja regije Ljubljana II Uro\u0161 Ga\u010dnik in Grega Flek sta nam dodelila naloge, kjer je bila potrebna pomo\u010d krajanom \u010crnomlja. Na\u0161a regija je dne 13.6.2018 opravila pomo\u010d na 41 stanovanjskih objektih z zamenjavo stre\u0161nikov in prekrivanje streh s folijo. PGD \u010cu\u0161perk in PGD Gatina smo pomagali na 10 stanovanjskih objektih.PGD \u010cu\u0161perk in poveljnik se zahvaljujeta vsem \u010dlanom, ki so dali soj dopust in se odzvali hitremu pozivu in pomagali ljudem ob taki naravni nesre\u010di.Zahvaljujemo se tudi krajanom, ki so nas lepo sprejeli.<\/p>\n<p>_ _ _ _ _ _ _ _ _ _ _ _ _ _ _ _ _ _ _ _ _ _ _ _ _ _ _ _ _ _ _ _ _ _ _ _ _ _ _ _ _ _ _ _ _ _ _ _ _ _ _ _ _ _ _ _<\/p>\n<p><strong>Po\u017eari v stanovanjskih stavbah, 16.4.2018<\/strong><\/p>\n<p>V ponedeljek v poznih popoldanskih urah smo prejeli poziv s centra 112, na katerem je bilo sporo\u010deno, da v Predolah gori vikend.<br \/>\nIzvozili smo z voziloma GVV-1 in GVM ter 13 operativnimi gasilci. Na kraju dogodka smo skupaj s PGD Pgd Ra\u010dna, PGD Grosuplje in PGD \u0160marje &#8211; Sap pogasili gore\u010do elektro omarico v gara\u017ei vikenda. Po\u017ear se je z omarice \u017ee raz\u0161iril na leseno omaro in pohi\u0161tvo. Prostore se je prezra\u010dilo in po\u017ear dokon\u010dno pogasilo.<br \/>\nVzrok po\u017eara je bil udar strele med popoldanskim neurjem.<\/p>\n<p>_ _ _ _ _ _ _ _ _ _ _ _ _ _ _ _ _ _ _ _ _ _ _ _ _ _ _ _ _ _ _ _ _ _ _ _ _ _ _ _ _ _ _ _ _ _ _ _ _ _ _ _ _ _ _ _<\/p>\n<p><strong>Vetrolom, 12.12.2017<\/strong><\/p>\n<p>V torek smo ob 2.47 pono\u010di preko pozivnikov prejeli sporo\u010dilo o podrtem drevju na cesti Grosuplje &#8211; Videm.<br \/>\nIzvozili smo z 5 operativnimi gasilci.Na terenu smo sodelovali skupaj s PGD Ra\u010dna in PGD Zdenska vas. Ker pa je zaradi mo\u010dnega vetra in velike nevarnosti padcev dreves na gasilce intervencija postala prenevarna, smo po ukazu Policije do jutra zaprli odsek ceste \u010cu\u0161perk &#8211; Zdenska vas.<br \/>\nKo se je zdanilo (ob 7.00) smo nadaljevali s prebijanjem cesti\u0161\u010da, tokrat z 8 operativci z voziloma GVV-1 in PV-1.<br \/>\nKasneje smo bili poklicani \u0161e v Gasilski center Grosuplje, od koder so nas poslali v pomo\u010d na cesto Lu\u010de &#8211; Velika Ilova gora. Tam smo v \u010di\u0161\u010denju sodelovali z enotama Male in Velike Ilove gore.<br \/>\nZ intervencijo vetroloma smo zaklju\u010dili ob 10.41 uri.<\/p>\n<p>_ _ _ _ _ _ _ _ _ _ _ _ _ _ _ _ _ _ _ _ _ _ _ _ _ _ _ _ _ _ _ _ _ _ _ _ _ _ _ _ _ _ _ _ _ _ _ _ _ _ _ _ _ _ _ _<\/p>\n<p><strong>Najdbe neekspodiranih minsko-eksplozivnih sredstev, 17.4.2017<\/strong><br \/>\nNa velikono\u010dni ponedeljek smo od 18.36 uri preko pozivnikov prejeli sporo\u010dilo o najdbi neeksplodiranega ubojnega sredstva na obmo\u010dju Kopanja, pod zgradbo osnovne \u0161ole. Ob 18.41 smo izvozili z vozilom GVM-1 in 7 operativnimi gasilci. Na kraju intervencije smo skupaj z PGD Ra\u010dna, \u010dlani Civilne za\u0161\u010dite in Policije zavarovali kraj najdbe, ter omejili gibanje za morebitne sprehajalce na \u0161ir\u0161em obmo\u010dju predvidene detonacije.<br \/>\nNajdena je bila minometna bomba, ki so jo na kraju uni\u010dili strokovnjaki za NUS.<br \/>\nZ intervencijo smo zaklju\u010dili ob 20:25.<br \/>\nngg_shortcode_0_placeholder<\/p>\n<p>_ _ _ _ _ _ _ _ _ _ _ _ _ _ _ _ _ _ _ _ _ _ _ _ _ _ _ _ _ _ _ _ _ _ _ _ _ _ _ _ _ _ _ _ _ _ _ _ _ _ _ _ _ _ _ _<\/p>\n<p><strong>Travni\u0161ki po\u017ear, 15.3.2017<\/strong><br \/>\nPoziv smo prejeli ob 16.33, ter v nekaj minutah izvozili z vozilom GVV-1 in 7 operativnimi gasilci. Na kraju nesre\u010de smo ugotovili, da gori suha trava na ve\u010d razli\u010dnih lokacijah Radenskega poslja, na obmo\u010dju za ribi\u0161kim domom na Mla\u010devem.<br \/>\nNa intervenciji smo sodelovali \u0161e z dru\u0161tvi PGD Veliko Mla\u010devo, Malo Mla\u010devo, Ra\u010dna, Gatina in Zagradec pri Grosuplju.<br \/>\nSkupno smo pogasili okoli 1000 kvadratnih metrov trave.<br \/>\nngg_shortcode_1_placeholder<\/p>\n<p>_ _ _ _ _ _ _ _ _ _ _ _ _ _ _ _ _ _ _ _ _ _ _ _ _ _ _ _ _ _ _ _ _ _ _ _ _ _ _ _ _ _ _ _ _ _ _ _ _ _ _ _ _ _ _ _<\/p>\n<p><strong>Najdbe neekspodiranih minsko-eksplozivnih sredstev, 26.2.2017<\/strong><br \/>\nOb 14.45 so v gozdu pri Starem gradu v \u010cu\u0161perku, ob\u010dina Grosuplje, na\u0161li neeksplodirana ubojna sredstva. Posredovala sta Pripadnika Dr\u017eavne enote za varstvo pred NUS ljubljanske regije. Najdeni sta bili ro\u010dni bombi italijanske izdelave iz obdobja II. Svetovne vojne. Bili sta v tak\u0161nem stanju, da bi njun transport lahko predstavljal ve\u010djo nevarnost. Poziv za pomo\u010d za zavarovanje dogodka smo prejeli ob 16.23. Izvozili smo z GVM in GVV-1, ter 8 operativnimi gasilci.<br \/>\nV sodelovanju s pripadniki specialne enote policije, z oddelka za protibombno za\u0161\u010dito, sta bili bombi uni\u010deni na kraju najdbe. Mesto uni\u010devanja smo zavarovali policisti PP Grosuplje ter gasilci PGD \u010cu\u0161perk in Ra\u010dna, ki so nudili tudi tehni\u010dno pomo\u010d pri urejanju mesta uni\u010devanja. O dogodku so bile obve\u0161\u010dene pristojne slu\u017ebe in osebe.<br \/>\nngg_shortcode_2_placeholder<\/p>\n<p>_ _ _ _ _ _ _ _ _ _ _ _ _ _ _ _ _ _ _ _ _ _ _ _ _ _ _ _ _ _ _ _ _ _ _ _ _ _ _ _ _ _ _ _ _ _ _ _ _ _ _ _ _ _ _ _<\/p>\n<p><strong>Dimni\u0161ki po\u017ear, 31.12.2016<\/strong><br \/>\nNa zadnji dan leta smo preko pozivnikov ob 15.42 dobili poziv o dimni\u0161kem po\u017earu v sosednji vasi Mala Ra\u010dna.<br \/>\nIzvozili smo z vozilom GVV-1 in 6 operativnimi gasilci. Na kraju nesre\u010de smo ugotovili, da gori v tuljavi dimnika, zato smo skupaj z PGD Ra\u010dna in PGD Grosuplje pogasili, o\u010distili in preventivno pregledali dimni\u0161ko tuljavo.<br \/>\nZ intervencijo smo zaklju\u010dili ob 16.59 uri.<br \/>\nngg_shortcode_3_placeholder<br \/>\n_ _ _ _ _ _ _ _ _ _ _ _ _ _ _ _ _ _ _ _ _ _ _ _ _ _ _ _ _ _ _ _ _ _ _ _ _ _ _ _ _ _ _ _ _ _ _ _ _ _ _ _ _ _ _ _<\/p>\n<p><strong>Nesre\u010de v cestnem prometu, 04.11.2015<\/strong><br \/>\nOb 12.50 je v naselju \u010cu\u0161perk, ob\u010dina Grosuplje, pri\u0161lo do trka med kombiniranem vozilom in traktorjem. Gasilci PGD Grosuplje, Ra\u010dna in \u010cu\u0161perk smo fizi\u010dno in po\u017earno zavarovali kraj nesre\u010de, po\u0161kodovani osebi nudili nujno medicinsko pomo\u010d in jo oskrbeli do prihoda re\u0161evalcev NMP Ljubljana. Odklopili smo akumulator, o\u010distili cesti\u0161\u010de razlitih teko\u010din ter traktor postavili nazaj na kolesa. Po\u0161kodovano osebo so re\u0161evalci prepeljali v nadaljnjo oskrbo v UKC Ljubljana.<br \/>\nngg_shortcode_4_placeholder<br \/>\n_ _ _ _ _ _ _ _ _ _ _ _ _ _ _ _ _ _ _ _ _ _ _ _ _ _ _ _ _ _ _ _ _ _ _ _ _ _ _ _ _ _ _ _ _ _ _ _ _ _ _ _ _ _ _ _<\/p>\n<p><strong>Travni\u0161ki po\u017ear \u010cu\u0161perk, 16.03.2014<\/strong><br \/>\nOb 12:15 uri je bilo sporo\u010deno, da je nad vasjo ob \u017eelezni\u0161kem prehodu za\u010del nekontrolirano divjati travni\u0161ki po\u017ear. V gasilskem domu se je zbralo 9 operativnih gasilcev, ki so izvozili z voziloma GVV-1 in GVM-1. Ob prihodu na kraj nesre\u010de smo opazili, da gori travnik v povr\u0161ini pribli\u017eno 2000 m2, ter da se ogenj \u017ee nevarno pribli\u017euje obmo\u010dju gozda. Z ro\u010dnim orodjem smo pri\u010deli z ga\u0161enjem ter skupaj z ostalimi aktiviranimi dru\u0161tvi z gasilskimi vozili namo\u010dili travnato povr\u0161ino in tako prepre\u010dili morebitno \u0161irnjenje po\u017eara.<br \/>\nNa intervenciji so sodelovala dru\u0161tva PGD \u010cu\u0161perk, PGD Ra\u010dna, PGD Grosuplje in PGD \u0160marje Sap.<br \/>\nZ intervencijo smo zaklju\u010dili ob 13:06.<br \/>\nngg_shortcode_5_placeholder<\/p>\n<p><a href=\"http:\/\/www.youtube.com\/watch?v=WhiKFuMZH4A\">Travni\u0161ki po\u017ear \u010cu\u0161perk &#8211; VIDEO<\/a><br \/>\n_ _ _ _ _ _ _ _ _ _ _ _ _ _ _ _ _ _ _ _ _ _ _ _ _ _ _ _ _ _ _ _ _ _ _ _ _ _ _ _ _ _ _ _ _ _ _ _ _ _ _ _ _ _ _ _<\/p>\n<p><strong>\u017dledolom; 08.02.2014<\/strong><br \/>\nOb 08:52: &#8220;Predole 26 odstranjevanje drevesa s strehe&#8221; (ReCo).<br \/>\nV vasi Predole je v jutranjih urah na stanovanjski objekt padla ve\u010dja koli\u010dina vej in odlomljen vrh bli\u017enjega drevesa. Na kraj je bila aktivirana in poslana enota PGD \u010cu\u0161perk in PGD Ra\u010dna. Tam smo odstranili veje s strehe drevesa ter polomljene stre\u0161nike, ter jih zamenjali z novimi. Z intervencijo smo zaklju\u010dili ob 10.35.<br \/>\nngg_shortcode_6_placeholder<br \/>\n_ _ _ _ _ _ _ _ _ _ _ _ _ _ _ _ _ _ _ _ _ _ _ _ _ _ _ _ _ _ _ _ _ _ _ _ _ _ _ _ _ _ _ _ _ _ _ _ _ _ _ _ _ _ _ _<\/p>\n<p><strong>\u017dledolom; 06.02.2014<\/strong><br \/>\nOb 09:25: &#8220;Drevesa ogro\u017eajo hi\u0161o Predole 23&#8221; (ReCo).<br \/>\nV dopoldanskih urah je bilo preko osebnih pozivnikov sporo\u010deno, da v vasi Predole obstaja nevarnost, da pride do loma ve\u010djega \u0161tevila hrastov, ki bi ob morebitnem lomu lahko ogrozile oziroma po\u0161kodovale stanovanjski objekt.<br \/>\nPGD \u010cu\u0161perk je izvozil z vozilom GVV-1 in 6 \u010dlani posadke. Na kraju intervencije smo ocenili nastalo situacijo in se skupaj s PGD Ra\u010dna odlo\u010dili, da je drevje prenevarno za kakr\u0161no koli odstranjevanje s pomo\u010djo navadne lestve. Po dogovoru nam je na pomo\u010d prisko\u010dila Gasilska brigada Ljubljana, ki je pripeljala avtolestev s tremi poklicnimi gasilci. S skupnimi mo\u010dmi smo kasneje primerno obrezali in zavarovali stanovanjski objekt pred morebitnimi po\u0161kodbami. Z intervencijo smo zaklju\u010dili ob 13:15.<br \/>\nngg_shortcode_7_placeholder<br \/>\n_ _ _ _ _ _ _ _ _ _ _ _ _ _ _ _ _ _ _ _ _ _ _ _ _ _ _ _ _ _ _ _ _ _ _ _ _ _ _ _ _ _ _ _ _ _ _ _ _ _ _ _ _ _ _ _<\/p>\n<p><strong>Snegolom, \u017dledolom; 02.02.2014 &#8211; 04.02.2014 &#8211; Poro\u010dilo z intervencij<\/strong><br \/>\n<em><strong>02.02.2014 ob 11:37: &#8220;Racna &#8211; Zdenska vas snegolom&#8221; (ReCo).<\/strong><\/em><br \/>\nV gasilskem domu se je zbralo 9 operativnih gasilcev, ki so izvozili z vozilom GVV-1. Preko gasilskega centra Grosuplje smo izvedeli, da je na dr\u017eavni cesti Ra\u010dna &#8211; Zdenska vas ve\u010dja koli\u010dina podrtega drevja. Drevje in odpadle veje smo odstranjevali skupaj s PGD Ra\u010dna in PGD Grosuplje. Okoli 12:30 ure smo dodatno prisko\u010dili na pomo\u010d tudi PGD Mali Ilovi Gori, ki je v okolici doma\u010dega kraja potrebovala pomo\u010d pri sanaciji podrtih dreves na daljnovodu. Ob 14.25 smo zaklju\u010dili z intervencijo.<\/p>\n<p><em><strong>02.02.2014 ob 16:00.<\/strong><\/em><br \/>\nPo predhodnem dogovoru Grosuplje Center smo se odlo\u010dili narediti nekaj preventivnih pregledov dolo\u010denih odsekov cest v okolici. Na samem kraju se je pokazalo, da se je v \u010dasu na\u0161e odsotnosti podrla preko cest in poti spet ve\u010dja koli\u010dina drevja in vejevja. Skupaj z PGD Zdenska vas smo opravili sanacijo. V tem \u010dasu smo prejeli tudi informacijo, da je do nadaljnega popolnoma zaprta cesta \u010cu\u0161perk &#8211; Zdenska vas. Postavili smo objekte za zavarovanje ceste in voznike obve\u0161\u010dali o obvozu. Z PGD Ra\u010dna smo si v dogovoru z Grosuplje Center razdelili de\u017euranje preko no\u010di, ki se je izmenjevalo vsake tri ure. Sanirala se je relacija ob\u010dinske ceste \u010cu\u0161perk &#8211; Veliko Mla\u010devo. Zadnji\u010d smo posredovali pri odstranjevanju posledic neurja in \u017eledu ob 03:10 (03.02.2014) zjutraj.<\/p>\n<p><em><strong>02.02.2014 ob 23:14: &#8220;Podrta drevesa \u010cu\u0161perk &#8211; Videm&#8221; (ReCo).<\/strong><\/em><br \/>\nZ vozilom GVV-1 smo izvozili na odstranjevanje dreves na ob\u010dinski cesti \u010cu\u0161perk &#8211; Videm. Kasneje smo nadaljevali s pregledom cest in sanacijo na relaciji \u010cu\u0161perk &#8211; Veliko Mla\u010devo.<\/p>\n<p><em><strong>03.02.2014 ob 06:06: &#8220;Sanacija cesti\u0161\u010da \u010cu\u0161perk &#8211; Zdenska vas&#8221; in ob 06:09: &#8220;Pri odcepu za Ilovo Goro ob\u010dan ujet med drevesi&#8221;. (poziva preko ReCo).<\/strong><\/em><br \/>\nZ vozilom GVV-1 in 4 operativnimi \u010dlani posadke smo izvozili in se skupaj z PGD Ra\u010dna, Grosuplje, \u0160marje in Mala Ilova Gora lotili iskanja osebe. Izkazalo se je, da se je oseba skupaj z osebnim avtomobilom \u017ee prebila skozi ovire na cesti, ter da ni ve\u010d ogro\u017eena.<br \/>\nNadaljevali smo z odstranjevanjem dreves na relaciji \u010cu\u0161perk &#8211; Zdenska vas skupaj z preostalimi dru\u0161tvi. S svoje strani se nam je pri prebijanju pridru\u017eila tudi PGD Zdenska vas. Z intervencijo smo zaklju\u010dili ob 8:25.<br \/>\nV popoldanskem \u010dasu smo v dogovoru z PGD Ra\u010dna in Grosuplje Center ponovno opravlali izmenjajo\u010do se pregledovanje ob\u010dinske ceste \u010cu\u0161perk &#8211; Veliko Mla\u010devo. Z pregledi smo zaklju\u010dili ob 19.00.<\/p>\n<p><strong><em>04.02.2014 ob 06:00<\/em><\/strong><br \/>\nOb 06:00 smo se odpravlili na dogovorjen pregled ob\u010dinske ceste \u010cu\u0161perk &#8211; Veliko Mla\u010devo. Sanirali smo manj\u0161o koli\u010dno podrtega drevja ob cesti.<br \/>\nOb 08.50 smo dobili klic preko radijskih zvez Dobrepolje Center in Civilne za\u0161\u010dite za pomo\u010d pri obrezovanju na daljnovodnem sistemu relacije Police &#8211; Ilova Gora. Skupaj z PGD Zdenska vas smo vsak s svoje strani odstranjevali drevesa, podrta na daljnovodni sistem. Z delom smo zaklju\u010dili ob 10.58.<\/p>\n<p>ngg_shortcode_8_placeholder<br \/>\n_ _ _ _ _ _ _ _ _ _ _ _ _ _ _ _ _ _ _ _ _ _ _ _ _ _ _ _ _ _ _ _ _ _ _ _ _ _ _ _ _ _ _ _ _ _ _ _ _ _ _ _ _ _ _ _<\/p>\n<p><strong>Gozdni po\u017ear, ob cesti Mala Ra\u010dna &#8211; Gabrje, 04.08.2013<\/strong><br \/>\nV nedeljo je krajan preko osebnega telefona sporo\u010dil poveljniku PGD \u010cu\u0161perk in PGD Ra\u010dna, da je na gozdni cesti (Mala Ra\u010dna &#8211; Gaberje &#8211; Ilova Gora) v ognju ve\u010d stre\u0161nih valovitk in da po\u017ear prehaja \u017ee na gozdne povr\u0161ine. PGD \u010cu\u0161perk je na kraj nesre\u010de pri\u0161el z 4 gasilci ter vozilom GVV-1. V \u010dasu prihoda se je na dolo\u010denem delu gozda po\u017ear \u017ee precej raz\u0161iril. Z hitrim posredovanjem smo uspeli po\u017ear uspe\u0161no pogasiti. Kasneje je PGD Ra\u010dna je z gasilsko cisterno preventivno \u0161e dodatno namo\u010dila obmo\u010dje po\u017eara ter s tem tako prepre\u010dila morebiten ponoven v\u017eig.<br \/>\nngg_shortcode_9_placeholder<br \/>\n_ _ _ _ _ _ _ _ _ _ _ _ _ _ _ _ _ _ _ _ _ _ _ _ _ _ _ _ _ _ _ _ _ _ _ _ _ _ _ _ _ _ _ _ _ _ _ _ _ _ _ _ _ _ _ _<\/p>\n<p><strong>Poplave, Poplavljen Hotel Rute (Kranjska Gora), 8.11-9.11.2012<\/strong><br \/>\nV \u010detrtek, 8.11., v poznih ve\u010dernih urah, je krajan \u010cu\u0161perka poprosil za pomo\u010d pri \u010drpanju vode v Kranjski Gori, pri znancu, lastniku hotela Rute. Ob 21.30 se je tako napotilo proti Gorenjski osem operativcev z vozilom GVM-1 in pripadajo\u010do opremo za \u010drpanje vode. Na samem kraju so vso no\u010d trdno delali in \u010drpali vodo prakti\u010dno brez prestanka (4 motorne brizgalne ter 3 potopne \u010drpalke). Spodnji prostori hotela (dve plesni dvorani, kuhinja, restavracija, hodniki, gara\u017ee, dovozi, shrambe&#8230;) so bili vsi pod vodo. Ob 7.30 zjutraj so zaklju\u010dili z delom in se odpravili proti domu, \u010drpanje pa je prevzela druga izmena re\u0161evalcev.<br \/>\nngg_shortcode_10_placeholder<\/p>\n<ol>\n<\/ol>\n<p>_ _ _ _ _ _ _ _ _ _ _ _ _ _ _ _ _ _ _ _ _ _ _ _ _ _ _ _ _ _ _ _ _ _ _ _ _ _ _ _ _ _ _ _ _ _ _ _ _ _ _ _ _ _ _ _<\/p>\n<p><strong>Snegolom; Cesta Zdenska vas &#8211; Veliko Mla\u010devo, 28.10.2012<\/strong><br \/>\nV nedeljo, 28.10.2012 je bilo preko re\u0161evalnega klicnega centra 112 ob 6.12 uri sporo\u010deno &#8220;OD RACNE PROTI MLACEVEMU PODRTO DREVJE NA CESTI &#8211; SNEGOLOM&#8221;. V gasilskem domu se je zbralo 6 operativnih gasilcev, ki so ob 6.24 izvozili z gasilskim vozilom GVV-1. Ko so pri\u0161li na kraj nesre\u010de (med Ra\u010dno in Mla\u010devim) so bile posledice nesre\u010de \u017ee odpravljene. Ampak intervencija se s tem \u0161e ni zaklju\u010dila, saj so takoj za tem dobili poziv s strani PGD Zdenska vas, da je na cesti \u010cu\u0161perk &#8211; Zdenska vas ve\u010dja koli\u010dina podrtega drevja \u010dez cesto. Tako so odstanjevali drevje in \u010distili cesti\u0161\u010de. Z intervencijo so zaklju\u010dili ob 8.03.<br \/>\nngg_shortcode_11_placeholder<\/p>\n<ol>\n<\/ol>\n<p><a href=\"http:\/\/www.youtube.com\/watch?v=RgMtHioXcCc&#038;feature=plcp\">Intervencija, 28.10.2012; Snegolom<\/a><br \/>\n_ _ _ _ _ _ _ _ _ _ _ _ _ _ _ _ _ _ _ _ _ _ _ _ _ _ _ _ _ _ _ _ _ _ _ _ _ _ _ _ _ _ _ _ _ _ _ _ _ _ _ _ _ _ _ _<\/p>\n<\/ul>\n<p><strong>Travni\u0161ki po\u017ear; Osilnica, 20.-24.08.2012<\/strong><br \/>\n20. 08. 2012 je od 16.14 na podro\u010dju nad vasjo Belica-Taborska stena-Dragarski Vrh v ob\u010dini Osilnica zagorel borov gozd in podrast na povr\u0161ini 45.000 kvadratnih metrov. Gasilcem iz okoli\u0161kih PGD-jev so na pomo\u010d prisko\u010dila dru\u0161tva z vse Ljubljansko &#8211; Dolenjske regije, med njimi tudi gasilci z GZ Grosuplje. V soboto, 24.08. se je tako \u017ee v zgodnjih jutranjih urah proti osilnici odpravilo osem tukaj\u0161njih gasilcev z dvema voziloma GVGP-1. \u0160tirje gasilci so bili z PGD \u0160t. Jurij, dva iz PGD \u0160marje Sap in dva iz na\u0161ega dru\u0161tva. Preko dneva so se na te\u017eko dostopnem terenu borili z ognjem in ga proti ve\u010deru tudi uspe\u0161no pogasili. Pri ga\u0161enju sta sodelovala tudi dva helikopterja Slovenske vojske. Po\u017ear se od tega dne naprej ni ve\u010d \u0161iril oziroma deloval.  <\/p>\nngg_shortcode_12_placeholder\n<ol>\n<\/ol>\n<p><a href=\"http:\/\/www.youtube.com\/watch?v=VA0pM3X3KG0&#038;list=UUMrBY0M5Kz3hEC2veBTIHVQ&#038;index=3&#038;feature=plcp\">Intervencija, 24.08.2012; Gozdni po\u017ear v Osilnici<\/a><br \/>\n_ _ _ _ _ _ _ _ _ _ _ _ _ _ _ _ _ _ _ _ _ _ _ _ _ _ _ _ _ _ _ _ _ _ _ _ _ _ _ _ _ _ _ _ _ _ _ _ _ _ _ _ _ _ _ _<\/p>\n<ul>\n<\/ul>\n<p><strong>Travni\u0161ki po\u017ear, 09.04.2011<\/strong><br \/>\nOb 16.10 je bilo sporo\u010deno z centra za za\u0161\u010dito naslednje sporo\u010dilo: &#8220;TRAVNI\u0160KI PO\u017dAR PREDOLE&#8221;. V nekaj minutah se je v gasilskem domu zbralo 11 \u010dlanov. Hitro so se oblekli v za\u0161\u010ditne obleke ter naredili izvoz (16.15) z vozilom GVV-1. Ob 16.23 smo bili na kraju po\u017eara (oddaljen pribli\u017eno 4km).<br \/>\nKo smo prispeli na po\u017eari\u0161\u010de je bilo tam \u017ee veliko va\u0161\u010danov, ki so s pomo\u010djo lopat, grabelj in ostalega vrtnega orodja po\u017ear \u017ee uspeli ustaviti in pogasiti. Zato smo skupaj z PGD Ra\u010dna samo \u0161e z vodo namo\u010dili travo, ki je bila zgorena in nekaj metrov okoli nje (prepre\u010ditev nadaljnega v\u017eiga).<\/p>\n<p>Vzrok po\u017eara:<br \/>\nKrajan je v dolini kuril nekaj razli\u010dnih materialov (kosi lesa&#8230;). Zaradi bli\u017eine suhe trave mu je ogenj u\u0161el izpod nadzora ter se za\u010del \u0161iriti.<br \/>\nngg_shortcode_13_placeholder\n<\/ul>\n<p>_ _ _ _ _ _ _ _ _ _ _ _ _ _ _ _ _ _ _ _ _ _ _ _ _ _ _ _ _ _ _ _ _ _ _ _ _ _ _ _ _ _ _ _ _ _ _ _ _ _ _ _ _ _ _ _<\/p>\n<p><strong>Gore\u010de drevo, 18.03.2011<\/strong><br \/>\nVa\u0161ki lovec je ob 15.25 spro\u010dil preko mobilnega telefona poveljniku dru\u0161tva, \u010de lahko pride nekaj gasilcev pogasiti gore\u010de drevo ob gozdni cesti. V nekaj minutah je bilo na prizori\u0161\u010du po\u017eara gasilsko vozilo z tremi \u010dlani. Kasneje se je pridru\u017eilo \u0161e poveljni\u0161ko vozilo z enim \u010dlanom in dodatno opremo.<br \/>\nNa kraju smo ugotovili da gori v debelej\u0161em drevesu (smreka). Po\u017ear je bil \u017ee kar nekaj \u010dasa dejaven, zato je tudi deblo bilo \u017ee mo\u010dno na\u010deto. PGD \u010cu\u0161perk je s pomo\u010djo vode ter gasilnega sredstva (prah) po\u017ear uspel pogasiti ter onemogo\u010dil nadaljne \u0161irjenje ter mo\u017enost ponovnega u\u017eiga.<\/p>\n<p>ngg_shortcode_14_placeholder<br \/>\n<em>Intervencije nismo prijavili na center (manj\u0161i obseg intervencije)<\/em><br \/>\n_ _ _ _ _ _ _ _ _ _ _ _ _ _ _ _ _ _ _ _ _ _ _ _ _ _ _ _ _ _ _ _ _ _ _ _ _ _ _ _ _ _ _ _ _ _ _ _ _ _ _ _ _ _ _ _<\/p>\n<p><strong>Podrto drevo, 17.02.2011<\/strong><br \/>\nOb 21.02 je krajan preko osebnega telefona sporo\u010dil \u010dlanu PGD \u010cu\u0161perk da je na cesti Mala Ra\u010dna &#8211; \u010cu\u0161perk podrto drevo. V nekaj minutah se je zbralo (poziv samo preko osebnih telefonov) nekaj \u010dlanov, ki so z gasilskim vozilom od\u0161li na kraj intervencije. Tam so v roku 30 minut odpravili vse posledice nesre\u010de.<br \/>\nSodelovalo je sedem gasilcev. Pet jih je bilo z PGD \u010cu\u0161perk, dva pa iz PGD Ra\u010dna. V pomo\u010d je bilo gasilsko vozilo GVV-1 ter osebni avtomobil.<br \/>\nngg_shortcode_15_placeholder<br \/>\n<em>Intervencije nismo prijavili na center (manj\u0161i obseg intervencije)<\/em><br \/>\n_ _ _ _ _ _ _ _ _ _ _ _ _ _ _ _ _ _ _ _ _ _ _ _ _ _ _ _ _ _ _ _ _ _ _ _ _ _ _ _ _ _ _ _ _ _ _ _ _ _ _ _ _ _ _ _<\/p>\n<p><strong>Poplave, 20.09.2010<\/strong><br \/>\nProstovoljno gasilsko dru\u0161tvo \u010cu\u0161perk je bilo aktivirano preko centra za za\u0161\u010dito ob 00.05 pono\u010di. Sporo\u010dilo nevarnosti je bilo: &#8220;POPLAVE GROSUPLJE&#8221;. Kmalu za tem je bila aktivirana sirena na gasilskem domu, ki je va\u0161\u010danom dala poziv za prihod v gasilski dom. V nekaj minutah je bilo v gasilskem domu zbranih pribli\u017eno 20 gasilcev, ki so se hitro opremili v gasilske obleke ter pripravili vozila za izvoz iz gara\u017ee na intervencijo. Ob 00.18 je bil javljen izvoz. V roku 8 minut je pri\u0161la skupina v Grosuplje pred gasilski dom zveze. Tam je dobil \u010cu\u0161perk ukaz, da naj re\u0161uje in odvaja vodo z gasilskega centra, ki je zaradi lege terena bil do takrat \u017ee 30cm v vodi. Z hitrimi in premi\u0161ljenimi potezami smo s pomo\u010djo bagra odstranili nekaj robnikov ter s tem mo\u010dno pomagali toku vode, da je za\u010del odtekati iz stavbe in dvori\u0161\u010da na travnik.<br \/>\nNato smo polnili vre\u010de s peskom ter jih postavljali v &#8220;zid&#8221;, ter s tem prihajajo\u010de vode, ki so tekle v smeri proti gasilskem domu preusmerjali drugam.<br \/>\nIntervencijo smo zaklju\u010dili ob 04.25. <\/p>\n<p><a href=\"http:\/\/www.youtube.com\/watch?v=3fC53wK_HGo&#038;feature=player_embedded\">Poplave Grosuplje &#8211; VIDEO (www.pgdgrosuplje.com)<\/a><br \/>\n_ _ _ _ _ _ _ _ _ _ _ _ _ _ _ _ _ _ _ _ _ _ _ _ _ _ _ _ _ _ _ _ _ _ _ _ _ _ _ _ _ _ _ _ _ _ _ _ _ _ _ _ _ _ _ _<br \/>\n_ _ _ _ _ _ _ _ _ _ _ _ _ _ _ _ _ _ _ _ _ _ _ _ _ _ _ _ _ _ _ _ _ _ _ _ _ _ _ _ _ _ _ _ _ _ _ _ _ _ _ _ _ _ _ _<\/p>\n","protected":false},"excerpt":{"rendered":"<p>Gozdni po\u017ear, 9.3.2019 Sobotno kosilo so nam prekinili pozivniki, ki so sporo\u010dali, da v naselju Predole gori gozd na obronku vasi. Izvozili smo z vozilom GVV-1 in 7 operativnimi \u010dlani. Na kraju intervencije smo opazili, da gori odvr\u017eena bala sena, ogenj pa se je pri\u010del \u0161iriti tudi na gozdno podrast in drevje. Skupaj s Pgd [&hellip;]<\/p>\n","protected":false},"author":2,"featured_media":0,"parent":0,"menu_order":0,"comment_status":"closed","ping_status":"closed","template":"","meta":{"ngg_post_thumbnail":0,"footnotes":""},"class_list":["post-42","page","type-page","status-publish","hentry"],"_links":{"self":[{"href":"https:\/\/www.pgd-cusperk.si\/index.php?rest_route=\/wp\/v2\/pages\/42","targetHints":{"allow":["GET"]}}],"collection":[{"href":"https:\/\/www.pgd-cusperk.si\/index.php?rest_route=\/wp\/v2\/pages"}],"about":[{"href":"https:\/\/www.pgd-cusperk.si\/index.php?rest_route=\/wp\/v2\/types\/page"}],"author":[{"embeddable":true,"href":"https:\/\/www.pgd-cusperk.si\/index.php?rest_route=\/wp\/v2\/users\/2"}],"replies":[{"embeddable":true,"href":"https:\/\/www.pgd-cusperk.si\/index.php?rest_route=%2Fwp%2Fv2%2Fcomments&post=42"}],"version-history":[{"count":70,"href":"https:\/\/www.pgd-cusperk.si\/index.php?rest_route=\/wp\/v2\/pages\/42\/revisions"}],"predecessor-version":[{"id":1563,"href":"https:\/\/www.pgd-cusperk.si\/index.php?rest_route=\/wp\/v2\/pages\/42\/revisions\/1563"}],"wp:attachment":[{"href":"https:\/\/www.pgd-cusperk.si\/index.php?rest_route=%2Fwp%2Fv2%2Fmedia&parent=42"}],"curies":[{"name":"wp","href":"https:\/\/api.w.org\/{rel}","templated":true}]}}