{"id":37,"date":"2011-01-31T19:36:00","date_gmt":"2011-01-31T18:36:00","guid":{"rendered":"https:\/\/www.pgd-cusperk.si\/?page_id=37"},"modified":"2011-06-08T14:08:43","modified_gmt":"2011-06-08T13:08:43","slug":"clani","status":"publish","type":"page","link":"https:\/\/www.pgd-cusperk.si\/?page_id=37","title":{"rendered":"\u010clani"},"content":{"rendered":"<p>V prostovoljnem gasilkem dru\u0161tvu \u010cu\u0161perk imamo skupno 203 vpisane \u010dlane:<\/p>\n<p><strong>Od tega je:<\/strong><\/p>\n<li>\u0160t. mladih do 18 let &#8211; 22 pionirjev, 6 mladincev (skupaj 28)<\/li>\n<li>\u0160t. nad 18 let &#8211; 175 \u010dlanov<\/li>\n<li>\nOperativnih \u010dlanov 24 \u010dlanov<\/li>\n<li>\u0160t. veteranov mo\u0161ki (starej\u0161i od 63. leta) &#8211; 9 \u010dlanov<\/li>\n<li>\u0160t. veteranov \u017eenske (starej\u0161e od 55. leta) &#8211; 26 \u010dlanic<\/li>\n<li>\u0160t. \u010dlanov s \u010dinom gasilec s te\u010dajem &#8211; 11 \u010dlanov (te\u010daj opravili leta 1999 in 2004)<\/li>\n<li>\u0160t. \u010dlanov ni\u017ejih gasilskih \u010dastnikov &#8211; 4 \u010dlani<\/li>\n<li>Ni\u017eji gasilski \u010dastnik I st. &#8211; 2 \u010dlana<\/li>\n<li>Ni\u017eji gasilski \u010dastnik II. st. &#8211; 12 \u010dlanov<\/li>\n<li>\u0160t. \u010dlanov G\u010c &#8211; 3 \u010dlani<\/li>\n<li>Gasilski \u010dastnik I. st. &#8211; 2 \u010dlana<\/li>\n<li>Gasilski \u010dastnik II.st &#8211; 2 \u010dlana<\/li>\n<li>Vi\u0161ji gasilski \u010dastnik II.st. &#8211; 1 \u010dlan<\/li>\n<ol>\n<\/ol>\n<p>PGD \u010cu\u0161perk seveda vedno strmi k pristopu novih \u010dlanov v svoje vrste.<br \/>\nDejavni pa smo tudi na podro\u010dju \u010dinov in izobra\u017eevanja &#8211; vsako leto po\u0161ljemo nekaj na\u0161ih fantov in deklet na razli\u010dne seminarje in predavanja (izpiti za NG\u010c, mentor mladine&#8230;). <\/p>\n","protected":false},"excerpt":{"rendered":"<p>V prostovoljnem gasilkem dru\u0161tvu \u010cu\u0161perk imamo skupno 203 vpisane \u010dlane: Od tega je: \u0160t. mladih do 18 let &#8211; 22 pionirjev, 6 mladincev (skupaj 28) \u0160t. nad 18 let &#8211; 175 \u010dlanov Operativnih \u010dlanov 24 \u010dlanov \u0160t. veteranov mo\u0161ki (starej\u0161i od 63. leta) &#8211; 9 \u010dlanov \u0160t. veteranov \u017eenske (starej\u0161e od 55. leta) &#8211; 26 [&hellip;]<\/p>\n","protected":false},"author":2,"featured_media":0,"parent":0,"menu_order":0,"comment_status":"closed","ping_status":"closed","template":"","meta":{"ngg_post_thumbnail":0,"footnotes":""},"class_list":["post-37","page","type-page","status-publish","hentry"],"_links":{"self":[{"href":"https:\/\/www.pgd-cusperk.si\/index.php?rest_route=\/wp\/v2\/pages\/37","targetHints":{"allow":["GET"]}}],"collection":[{"href":"https:\/\/www.pgd-cusperk.si\/index.php?rest_route=\/wp\/v2\/pages"}],"about":[{"href":"https:\/\/www.pgd-cusperk.si\/index.php?rest_route=\/wp\/v2\/types\/page"}],"author":[{"embeddable":true,"href":"https:\/\/www.pgd-cusperk.si\/index.php?rest_route=\/wp\/v2\/users\/2"}],"replies":[{"embeddable":true,"href":"https:\/\/www.pgd-cusperk.si\/index.php?rest_route=%2Fwp%2Fv2%2Fcomments&post=37"}],"version-history":[{"count":8,"href":"https:\/\/www.pgd-cusperk.si\/index.php?rest_route=\/wp\/v2\/pages\/37\/revisions"}],"predecessor-version":[{"id":199,"href":"https:\/\/www.pgd-cusperk.si\/index.php?rest_route=\/wp\/v2\/pages\/37\/revisions\/199"}],"wp:attachment":[{"href":"https:\/\/www.pgd-cusperk.si\/index.php?rest_route=%2Fwp%2Fv2%2Fmedia&parent=37"}],"curies":[{"name":"wp","href":"https:\/\/api.w.org\/{rel}","templated":true}]}}