{"id":148,"date":"2011-02-03T17:25:44","date_gmt":"2011-02-03T16:25:44","guid":{"rendered":"https:\/\/www.pgd-cusperk.si\/?page_id=148"},"modified":"2019-03-15T21:58:16","modified_gmt":"2019-03-15T20:58:16","slug":"148-2","status":"publish","type":"page","link":"https:\/\/www.pgd-cusperk.si\/?page_id=148","title":{"rendered":"Vizitka"},"content":{"rendered":"<p><strong>Naslov: <\/strong><\/p>\n<p>Prostovoljno gasilsko dru\u0161tvo \u010cu\u0161perk<br \/>\n\u010cu\u0161perk 14B<br \/>\n1290 Grosuplje <\/p>\n<p><strong>Kontaktne \u0161tevilke:<\/strong> <\/p>\n<li>Jernej Perko: 041 996 326 (poveljnik)<\/li>\n<li>Tadej Cimerman: 041 874 087 (predsednik)<\/li>\n<ul>\n<\/ul>\n<p><strong>Kako do nas:<\/strong><\/p>\n<ul>\n<\/ul>\n<p><em><strong>Dav\u010dna \u0161tevilka<\/strong>:<\/em> 52220567<br \/>\n<strong><em>Mati\u010dna \u0161tevilka<\/em>:<\/strong> 5130581000<\/p>\n<p><strong>Grb dru\u0161tva:<br \/>\n<\/strong><a href=\"https:\/\/www.pgd-cusperk.si\/?attachment_id=729\" rel=\"attachment wp-att-729\"><img loading=\"lazy\" decoding=\"async\" src=\"https:\/\/www.pgd-cusperk.si\/wp-content\/uploads\/2012\/10\/Znak-PGD-\u010cu\u0161perk2.jpg\" alt=\"\" title=\"Znak PGD \u010cu\u0161perk\" width=\"350\" height=\"420\" class=\"alignnone size-custom wp-image-729\" srcset=\"https:\/\/www.pgd-cusperk.si\/wp-content\/uploads\/2012\/10\/Znak-PGD-\u010cu\u0161perk2.jpg 458w, https:\/\/www.pgd-cusperk.si\/wp-content\/uploads\/2012\/10\/Znak-PGD-\u010cu\u0161perk2-125x150.jpg 125w, https:\/\/www.pgd-cusperk.si\/wp-content\/uploads\/2012\/10\/Znak-PGD-\u010cu\u0161perk2-250x300.jpg 250w\" sizes=\"auto, (max-width: 350px) 100vw, 350px\" \/><\/a><\/p>\n","protected":false},"excerpt":{"rendered":"<p>Naslov: Prostovoljno gasilsko dru\u0161tvo \u010cu\u0161perk \u010cu\u0161perk 14B 1290 Grosuplje Kontaktne \u0161tevilke: Jernej Perko: 041 996 326 (poveljnik) Tadej Cimerman: 041 874 087 (predsednik) Kako do nas: Dav\u010dna \u0161tevilka: 52220567 Mati\u010dna \u0161tevilka: 5130581000 Grb dru\u0161tva:<\/p>\n","protected":false},"author":2,"featured_media":0,"parent":0,"menu_order":0,"comment_status":"closed","ping_status":"closed","template":"","meta":{"ngg_post_thumbnail":0,"footnotes":""},"class_list":["post-148","page","type-page","status-publish","hentry"],"_links":{"self":[{"href":"https:\/\/www.pgd-cusperk.si\/index.php?rest_route=\/wp\/v2\/pages\/148","targetHints":{"allow":["GET"]}}],"collection":[{"href":"https:\/\/www.pgd-cusperk.si\/index.php?rest_route=\/wp\/v2\/pages"}],"about":[{"href":"https:\/\/www.pgd-cusperk.si\/index.php?rest_route=\/wp\/v2\/types\/page"}],"author":[{"embeddable":true,"href":"https:\/\/www.pgd-cusperk.si\/index.php?rest_route=\/wp\/v2\/users\/2"}],"replies":[{"embeddable":true,"href":"https:\/\/www.pgd-cusperk.si\/index.php?rest_route=%2Fwp%2Fv2%2Fcomments&post=148"}],"version-history":[{"count":13,"href":"https:\/\/www.pgd-cusperk.si\/index.php?rest_route=\/wp\/v2\/pages\/148\/revisions"}],"predecessor-version":[{"id":1562,"href":"https:\/\/www.pgd-cusperk.si\/index.php?rest_route=\/wp\/v2\/pages\/148\/revisions\/1562"}],"wp:attachment":[{"href":"https:\/\/www.pgd-cusperk.si\/index.php?rest_route=%2Fwp%2Fv2%2Fmedia&parent=148"}],"curies":[{"name":"wp","href":"https:\/\/api.w.org\/{rel}","templated":true}]}}